{"id":5734,"date":"2025-09-21T19:35:37","date_gmt":"2025-09-21T17:35:37","guid":{"rendered":"https:\/\/sushimaiko.sk\/?page_id=5734"},"modified":"2025-11-19T17:03:32","modified_gmt":"2025-11-19T16:03:32","slug":"menuu","status":"publish","type":"page","link":"https:\/\/sushimaiko.sk\/en\/menuu\/","title":{"rendered":"Japonsk\u00e9 Sushi Menu \u2013 Chu\u0165ov\u00e9 z\u00e1\u017eitky z Hlavnej 19 \u22c5\u02da\u208a\u2027 \u0b68\ud83c\udf59\ud83c\udf63\ud83c\udf71\ud83e\udd62\u0b67 \u2027\u208a\u02da \u22c5"},"content":{"rendered":"<div data-elementor-type=\"wp-page\" data-elementor-id=\"5734\" class=\"elementor elementor-5734\">\n\t\t\t\t        <section class=\"elementor-section elementor-top-section elementor-element elementor-element-588a02b elementor-section-boxed elementor-section-height-default elementor-section-height-default pxl-type-header-none pxl-row-scroll-none pxl-bg-color-none pxl-section-bg-none parallax-none\" data-id=\"588a02b\" data-element_type=\"section\">\n\n                \n                <div class=\"elementor-container elementor-column-gap-default\">\n                <div class=\"elementor-column elementor-col-100 elementor-top-column elementor-element elementor-element-6c0ee0a pxl-col-none pxl-column-none\" data-id=\"6c0ee0a\" data-element_type=\"column\">\r\n        <div class=\"elementor-widget-wrap elementor-element-populated\">\r\n                     \r\n        \t\t<div class=\"elementor-element elementor-element-8137e81 elementor-widget elementor-widget-image\" data-id=\"8137e81\" data-element_type=\"widget\" data-widget_type=\"image.default\">\n\t\t\t\t<div class=\"elementor-widget-container\">\n\t\t\t\t\t\t\t\t\t\t\t\t\t\t\t<img fetchpriority=\"high\" decoding=\"async\" width=\"1024\" height=\"662\" src=\"https:\/\/sushimaiko.sk\/wp-content\/uploads\/2025\/09\/menu-1024x662.jpg\" class=\"attachment-large size-large wp-image-5735\" alt=\"Maiko Sushi|Japonsk\u00e9 Sushi Menu \u2013 Chu\u0165ov\u00e9 z\u00e1\u017eitky z Hlavnej 19 \u22c5\u02da\u208a\u2027 \u0b68\ud83c\udf59\ud83c\udf63\ud83c\udf71\ud83e\udd62\u0b67 \u2027\u208a\u02da \u22c5\" srcset=\"https:\/\/sushimaiko.sk\/wp-content\/uploads\/2025\/09\/menu-1024x662.jpg 1024w, https:\/\/sushimaiko.sk\/wp-content\/uploads\/2025\/09\/menu-300x194.jpg 300w, https:\/\/sushimaiko.sk\/wp-content\/uploads\/2025\/09\/menu-768x497.jpg 768w, https:\/\/sushimaiko.sk\/wp-content\/uploads\/2025\/09\/menu-1098x710.jpg 1098w, https:\/\/sushimaiko.sk\/wp-content\/uploads\/2025\/09\/menu.jpg 1440w\" sizes=\"(max-width: 1024px) 100vw, 1024px\" title=\"Maiko Sushi | Japonsk\u00e9 Sushi Menu \u2013 Chu\u0165ov\u00e9 z\u00e1\u017eitky z Hlavnej 19 \u22c5\u02da\u208a\u2027 \u0b68\ud83c\udf59\ud83c\udf63\ud83c\udf71\ud83e\udd62\u0b67 \u2027\u208a\u02da \u22c5\" \/>\t\t\t\t\t\t\t\t\t\t\t\t\t\t\t<\/div>\n\t\t\t\t<\/div>\n\t\t            <\/div>\r\n        <\/div>\r\n        \t\t\t<\/div>\n\t\t<\/section>\n\t\t        <section class=\"elementor-section elementor-top-section elementor-element elementor-element-a58c3e7 elementor-section-boxed elementor-section-height-default elementor-section-height-default pxl-type-header-none pxl-row-scroll-none pxl-bg-color-none pxl-section-bg-none parallax-none\" data-id=\"a58c3e7\" data-element_type=\"section\">\n\n                \n                <div class=\"elementor-container elementor-column-gap-default\">\n                <div class=\"elementor-column elementor-col-100 elementor-top-column elementor-element elementor-element-47e80a0 pxl-col-none pxl-column-none\" data-id=\"47e80a0\" data-element_type=\"column\">\r\n        <div class=\"elementor-widget-wrap elementor-element-populated\">\r\n                     \r\n        \t\t<div class=\"elementor-element elementor-element-98c0897 elementor-widget__width-inherit elementor-widget elementor-widget-html\" data-id=\"98c0897\" data-element_type=\"widget\" data-widget_type=\"html.default\">\n\t\t\t\t<div class=\"elementor-widget-container\">\n\t\t\t\t\t<iframe src=\"https:\/\/heyzine.com\/flip-book\/fd882f2923.html\" width=\"800\" height=\"600\" frameborder=\"0\" allowfullscreen><\/iframe>\n\t\t\t\t<\/div>\n\t\t\t\t<\/div>\n\t\t            <\/div>\r\n        <\/div>\r\n        \t\t\t<\/div>\n\t\t<\/section>\n\t\t\t\t<\/div>","protected":false},"excerpt":{"rendered":"","protected":false},"author":1,"featured_media":0,"parent":0,"menu_order":0,"comment_status":"closed","ping_status":"closed","template":"","meta":{"_uf_show_specific_survey":0,"_uf_disable_surveys":false,"footnotes":""},"class_list":["post-5734","page","type-page","status-publish","hentry"],"aioseo_notices":[],"_links":{"self":[{"href":"https:\/\/sushimaiko.sk\/en\/wp-json\/wp\/v2\/pages\/5734","targetHints":{"allow":["GET"]}}],"collection":[{"href":"https:\/\/sushimaiko.sk\/en\/wp-json\/wp\/v2\/pages"}],"about":[{"href":"https:\/\/sushimaiko.sk\/en\/wp-json\/wp\/v2\/types\/page"}],"author":[{"embeddable":true,"href":"https:\/\/sushimaiko.sk\/en\/wp-json\/wp\/v2\/users\/1"}],"replies":[{"embeddable":true,"href":"https:\/\/sushimaiko.sk\/en\/wp-json\/wp\/v2\/comments?post=5734"}],"version-history":[{"count":5,"href":"https:\/\/sushimaiko.sk\/en\/wp-json\/wp\/v2\/pages\/5734\/revisions"}],"predecessor-version":[{"id":5879,"href":"https:\/\/sushimaiko.sk\/en\/wp-json\/wp\/v2\/pages\/5734\/revisions\/5879"}],"wp:attachment":[{"href":"https:\/\/sushimaiko.sk\/en\/wp-json\/wp\/v2\/media?parent=5734"}],"curies":[{"name":"wp","href":"https:\/\/api.w.org\/{rel}","templated":true}]}}