{"id":75,"date":"2023-06-05T02:46:11","date_gmt":"2023-06-05T02:46:11","guid":{"rendered":"https:\/\/demo.bravisthemes.com\/hungrybuzz\/?page_id=75"},"modified":"2025-11-20T12:37:09","modified_gmt":"2025-11-20T11:37:09","slug":"home-01","status":"publish","type":"page","link":"https:\/\/sushimaiko.sk\/en\/","title":{"rendered":"Tradi\u010dn\u00e9 japonsk\u00e9 sushi v srdci Ko\u0161\u00edc. Ochutnaj ! Hlavn\u00e1 19"},"content":{"rendered":"<div data-elementor-type=\"wp-page\" data-elementor-id=\"75\" class=\"elementor elementor-75\">\n\t\t\t\t        <section class=\"elementor-section elementor-top-section elementor-element elementor-element-6d9e7bf elementor-section-full_width elementor-section-stretched elementor-section-height-default elementor-section-height-default pxl-type-header-none pxl-section-padding-none pxl-section-offset-none pxl-row-scroll-none pxl-bg-color-none pxl-section-bg-none parallax-none\" data-id=\"6d9e7bf\" data-element_type=\"section\" data-settings=\"{&quot;stretch_section&quot;:&quot;section-stretched&quot;}\">\n\n                \n                <div class=\"elementor-container elementor-column-gap-extended\">\n                <div class=\"elementor-column elementor-col-100 elementor-top-column elementor-element elementor-element-9d69ea9 pxl-col-none pxl-column-none\" data-id=\"9d69ea9\" data-element_type=\"column\" data-settings=\"{&quot;background_background&quot;:&quot;classic&quot;}\">\r\n        <div class=\"elementor-widget-wrap elementor-element-populated\">\r\n                     \r\n                    <\/div>\r\n        <\/div>\r\n        \t\t\t<\/div>\n\t\t<\/section>\n\t\t        <section class=\"elementor-section elementor-top-section elementor-element elementor-element-dd35be0 elementor-section-boxed elementor-section-height-default elementor-section-height-default pxl-type-header-none pxl-row-scroll-none pxl-bg-color-none pxl-section-bg-none parallax-none\" data-id=\"dd35be0\" data-element_type=\"section\">\n\n                \n                <div class=\"elementor-container elementor-column-gap-default\">\n                <div class=\"elementor-column elementor-col-100 elementor-top-column elementor-element elementor-element-a805729 pxl-col-none pxl-column-none\" data-id=\"a805729\" data-element_type=\"column\">\r\n        <div class=\"elementor-widget-wrap elementor-element-populated\">\r\n                     \r\n        \t\t<div class=\"elementor-element elementor-element-f89ecf7 elementor-hidden-desktop elementor-hidden-laptop elementor-hidden-tablet_extra elementor-hidden-tablet elementor-hidden-mobile_extra elementor-hidden-mobile elementor-widget elementor-widget-heading\" data-id=\"f89ecf7\" data-element_type=\"widget\" data-widget_type=\"heading.default\">\n\t\t\t\t<div class=\"elementor-widget-container\">\n\t\t\t\t\t<h1 class=\"elementor-heading-title elementor-size-default\">Tradi\u010dn\u00e9 japonsk\u00e9 sushi<\/h1>\t\t\t\t<\/div>\n\t\t\t\t<\/div>\n\t\t            <\/div>\r\n        <\/div>\r\n        \t\t\t<\/div>\n\t\t<\/section>\n\t\t        <section class=\"elementor-section elementor-top-section elementor-element elementor-element-6105eec elementor-section-boxed elementor-section-height-default elementor-section-height-default pxl-type-header-none pxl-row-scroll-none pxl-bg-color-none pxl-section-bg-none parallax-none\" data-id=\"6105eec\" data-element_type=\"section\">\n\n                \n                <div class=\"elementor-container elementor-column-gap-default\">\n                <div class=\"elementor-column elementor-col-100 elementor-top-column elementor-element elementor-element-7f0540b pxl-col-none pxl-column-none\" data-id=\"7f0540b\" data-element_type=\"column\">\r\n        <div class=\"elementor-widget-wrap elementor-element-populated\">\r\n                     \r\n        \t\t<div class=\"elementor-element elementor-element-8f85a0b elementor-widget elementor-widget-slider_revolution\" data-id=\"8f85a0b\" data-element_type=\"widget\" data-widget_type=\"slider_revolution.default\">\n\t\t\t\t<div class=\"elementor-widget-container\">\n\t\t\t\t\t\n\t\t<div class=\"wp-block-themepunch-revslider\">\n\t\t\t\t<p class=\"rs-p-wp-fix\"><\/p>\n\t\t\t\t<sr7-module data-alias=\"slider-1\" data-id=\"2\" id=\"SR7_2_1\" class=\"rs-ov-hidden\" data-version=\"6.7.28\">\n\t\t\t\t\t<sr7-adjuster><\/sr7-adjuster>\n\t\t\t\t\t<sr7-content>\n\t\t\t\t\t\t<sr7-slide id=\"SR7_2_1-4\" data-key=\"4\">\n\t\t\t\t\t\t\t<sr7-txt id=\"SR7_2_1-4-2\" class=\"sr7-layer\">Traditional sushi in the heart of Ko\u0161ice\n <\/sr7-txt>\n\t\t\t\t\t\t\t<p id=\"SR7_2_1-4-4\" class=\"sr7-layer\">The white make-up, elaborate kimono, and hair of a maiko dancer are popularly known as symbols of a geisha.\n<\/p>\n\t\t\t\t\t\t\t<p id=\"SR7_2_1-4-9\" class=\"sr7-layer\">The word \u201cmaiko\u201d literally means \u201cchild of dance\u201d and refers to a young apprentice geisha.\n<\/p>\n\t\t\t\t\t\t\t<p id=\"SR7_2_1-4-10\" class=\"sr7-layer\">An original atmosphere for gourmets\n<\/p>\n\t\t\t\t\t\t\t<p id=\"SR7_2_1-4-11\" class=\"sr7-layer\">Maiko is also a traditional Japanese girl's name.\n<\/p>\n\t\t\t\t\t\t\t<h2 id=\"SR7_2_1-4-12\" class=\"sr7-layer\">We have sushi in our soul\n<\/h2>\n\t\t\t\t\t\t<\/sr7-slide>\n\t\t\t\t\t\t<sr7-slide id=\"SR7_2_1-5\" data-key=\"5\">\n\t\t\t\t\t\t<\/sr7-slide>\n\t\t\t\t\t<\/sr7-content>\n\t\t\t\t<\/sr7-module>\n\t\t\t\t<script>\n\t\t\t\t\tSR7.PMH ??={}; SR7.PMH[\"SR7_2_1\"] = {cn:100,state:false,fn: function() { if (_tpt!==undefined && _tpt.prepareModuleHeight !== undefined) {  _tpt.prepareModuleHeight({id:\"SR7_2_1\",el:[900,900,768,960,720],type:'standard',shdw:'0',gh:[900,900,743,565,349],gw:[1240,1240,1024,778,480],vpt:['-100px'],size:{fullWidth:true, fullHeight:false},mh:'0',onh:0,onw:0,bg:{color:'{\"orig\":\"transparent\",\"type\":\"solid\",\"string\":\"transparent\"}'}});   SR7.PMH[\"SR7_2_1\"].state=true;} else if(SR7.PMH[\"SR7_2_1\"].cn-->0)\tsetTimeout( SR7.PMH[\"SR7_2_1\"].fn,19);}};SR7.PMH[\"SR7_2_1\" ].fn();\n\t\t\t\t<\/script>\n<\/div>\n\n\t\t\t\t\t\t<\/div>\n\t\t\t\t<\/div>\n\t\t            <\/div>\r\n        <\/div>\r\n        \t\t\t<\/div>\n\t\t<\/section>\n\t\t        <section class=\"elementor-section elementor-top-section elementor-element elementor-element-f9a9968 elementor-section-full_width elementor-reverse-laptop elementor-reverse-tablet_extra elementor-reverse-tablet elementor-reverse-mobile_extra elementor-reverse-mobile elementor-hidden-desktop elementor-hidden-laptop elementor-hidden-tablet_extra elementor-hidden-tablet elementor-hidden-mobile_extra elementor-hidden-mobile elementor-section-height-default elementor-section-height-default pxl-type-header-none pxl-section-padding-none pxl-section-offset-none pxl-row-scroll-none pxl-bg-color-none pxl-section-bg-none parallax-none\" data-id=\"f9a9968\" data-element_type=\"section\">\n\n                \n                <div class=\"elementor-container elementor-column-gap-default\">\n                <div class=\"elementor-column elementor-col-100 elementor-top-column elementor-element elementor-element-a6748c8 pxl-col-none pxl-column-none\" data-id=\"a6748c8\" data-element_type=\"column\">\r\n        <div class=\"elementor-widget-wrap elementor-element-populated\">\r\n                     \r\n        \t\t<div class=\"elementor-element elementor-element-5b51ca6 elementor-widget elementor-widget-pxl_slide\" data-id=\"5b51ca6\" data-element_type=\"widget\" data-widget_type=\"pxl_slide.default\">\n\t\t\t\t<div class=\"elementor-widget-container\">\n\t\t\t\t\t<div class=\"pxl-swiper-sliders pxl-slide-carousel pxl-slide-carousel1 pxl-swiper-arrow-show\" data-view-auto=\"1\">\n<div class=\"pxl-carousel-inner\">\n    <div class=\"pxl-swiper-container\" dir=\"ltr\" data-settings=\"{&quot;slide_direction&quot;:&quot;horizontal&quot;,&quot;slide_percolumn&quot;:&quot;1&quot;,&quot;slide_mode&quot;:&quot;slide&quot;,&quot;slides_to_show&quot;:&quot;1&quot;,&quot;slides_to_show_xxl&quot;:&quot;1&quot;,&quot;slides_to_show_lg&quot;:&quot;1&quot;,&quot;slides_to_show_md&quot;:&quot;1&quot;,&quot;slides_to_show_sm&quot;:&quot;1&quot;,&quot;slides_to_show_xs&quot;:&quot;1&quot;,&quot;slides_to_scroll&quot;:&quot;1&quot;,&quot;arrow&quot;:&quot;false&quot;,&quot;pagination&quot;:&quot;true&quot;,&quot;pagination_type&quot;:&quot;number&quot;,&quot;autoplay&quot;:&quot;true&quot;,&quot;pause_on_hover&quot;:&quot;true&quot;,&quot;pause_on_interaction&quot;:&quot;true&quot;,&quot;delay&quot;:5000,&quot;loop&quot;:&quot;true&quot;,&quot;speed&quot;:500}\">\n        <div class=\"pxl-swiper-wrapper\" >\n                            <div class=\"pxl-swiper-slide\" data-id=\"1\">\n                <div style=\"background-image: url('https:\/\/sushimaiko.sk\/wp-content\/uploads\/2025\/09\/1black.png');\" class=\"pxl-item--inner pxl-transtion wow fadeIn\" data-wow-delay=\"300ms\" data-wow-duration=\"1.2s\" >       \n                 <\/div>\n               <div style=\"background-image: url('');\" class=\"pxl-item--overlay wow fadeIn\" data-wow-delay=\"300ms\" data-wow-duration=\"1.2s\"><\/div>\n\n                <span class=\"pxl-item-content\" data-wow-delay=\"300ms\" data-wow-duration=\"1.2s\">\n                    Traditional sushi in the heart of Ko\u0161ice\n\n                <\/span>\n             <\/div>\n                         <div class=\"pxl-swiper-slide\" data-id=\"2\">\n                <div style=\"background-image: url('https:\/\/sushimaiko.sk\/wp-content\/uploads\/2025\/09\/MAIKO-01-scaled.jpg');\" class=\"pxl-item--inner pxl-transtion wow fadeIn\" data-wow-delay=\"300ms\" data-wow-duration=\"1.2s\" >       \n                 <\/div>\n               <div style=\"background-image: url('');\" class=\"pxl-item--overlay wow fadeIn\" data-wow-delay=\"300ms\" data-wow-duration=\"1.2s\"><\/div>\n\n                <span class=\"pxl-item-content\" data-wow-delay=\"300ms\" data-wow-duration=\"1.2s\">\n                    The word \u201cmaiko\u201d literally means \u201cchild of dance\u201d and refers to a young apprentice geisha.\n\n\n                <\/span>\n             <\/div>\n                         <div class=\"pxl-swiper-slide\" data-id=\"3\">\n                <div style=\"background-image: url('https:\/\/sushimaiko.sk\/wp-content\/uploads\/2025\/09\/2black.png');\" class=\"pxl-item--inner pxl-transtion wow fadeIn\" data-wow-delay=\"300ms\" data-wow-duration=\"1.2s\" >       \n                 <\/div>\n               <div style=\"background-image: url('');\" class=\"pxl-item--overlay wow fadeIn\" data-wow-delay=\"300ms\" data-wow-duration=\"1.2s\"><\/div>\n\n                <span class=\"pxl-item-content\" data-wow-delay=\"300ms\" data-wow-duration=\"1.2s\">\n                    An original atmosphere for gourmets\n                 <\/span>\n             <\/div>\n                         <div class=\"pxl-swiper-slide\" data-id=\"4\">\n                <div style=\"background-image: url('https:\/\/sushimaiko.sk\/wp-content\/uploads\/2025\/09\/MAIKO-06-scaled.jpg');\" class=\"pxl-item--inner pxl-transtion wow fadeIn\" data-wow-delay=\"300ms\" data-wow-duration=\"1.2s\" >       \n                 <\/div>\n               <div style=\"background-image: url('');\" class=\"pxl-item--overlay wow fadeIn\" data-wow-delay=\"300ms\" data-wow-duration=\"1.2s\"><\/div>\n\n                <span class=\"pxl-item-content\" data-wow-delay=\"300ms\" data-wow-duration=\"1.2s\">\n                    Maiko is also a traditional Japanese girl's name.\n\n                 <\/span>\n             <\/div>\n                         <div class=\"pxl-swiper-slide\" data-id=\"5\">\n                <div style=\"background-image: url('https:\/\/sushimaiko.sk\/wp-content\/uploads\/2025\/09\/3black.png');\" class=\"pxl-item--inner pxl-transtion wow fadeIn\" data-wow-delay=\"300ms\" data-wow-duration=\"1.2s\" >       \n                 <\/div>\n               <div style=\"background-image: url('https:\/\/sushimaiko.sk\/wp-content\/plugins\/elementor\/assets\/images\/placeholder.png');\" class=\"pxl-item--overlay wow fadeIn\" data-wow-delay=\"300ms\" data-wow-duration=\"1.2s\"><\/div>\n\n                <span class=\"pxl-item-content\" data-wow-delay=\"300ms\" data-wow-duration=\"1.2s\">\n                    We have sushi in our soul                <\/span>\n             <\/div>\n                         <div class=\"pxl-swiper-slide\" data-id=\"6\">\n                <div style=\"background-image: url('https:\/\/sushimaiko.sk\/wp-content\/uploads\/2025\/09\/MAIKO-05-scaled.jpg');\" class=\"pxl-item--inner pxl-transtion wow fadeIn\" data-wow-delay=\"300ms\" data-wow-duration=\"1.2s\" >       \n                 <\/div>\n               <div style=\"background-image: url('https:\/\/sushimaiko.sk\/wp-content\/plugins\/elementor\/assets\/images\/placeholder.png');\" class=\"pxl-item--overlay wow fadeIn\" data-wow-delay=\"300ms\" data-wow-duration=\"1.2s\"><\/div>\n\n                <span class=\"pxl-item-content\" data-wow-delay=\"300ms\" data-wow-duration=\"1.2s\">\n                    The white make-up, elaborate kimono, and hair of a maiko dancer are popularly known as symbols of a geisha.\n                <\/span>\n             <\/div>\n              <\/div>\n <\/div>\n\n <\/div>\n<\/div>\n\t\t\t\t<\/div>\n\t\t\t\t<\/div>\n\t\t            <\/div>\r\n        <\/div>\r\n        \t\t\t<\/div>\n\t\t<\/section>\n\t\t        <section class=\"elementor-section elementor-top-section elementor-element elementor-element-3ce0e6d elementor-section-content-middle elementor-section-boxed elementor-section-height-default elementor-section-height-default pxl-type-header-none pxl-row-scroll-none pxl-bg-color-none pxl-section-bg-none parallax-none\" data-id=\"3ce0e6d\" data-element_type=\"section\" data-settings=\"{&quot;background_background&quot;:&quot;classic&quot;}\">\n\n                \n                <div class=\"elementor-container elementor-column-gap-wider\">\n                <div class=\"elementor-column elementor-col-100 elementor-top-column elementor-element elementor-element-8a8cec5 pxl-col-none pxl-column-none\" data-id=\"8a8cec5\" data-element_type=\"column\">\r\n        <div class=\"elementor-widget-wrap elementor-element-populated\">\r\n                     \r\n        \t\t<div class=\"elementor-element elementor-element-463b70d elementor-widget-laptop__width-initial elementor-widget-tablet_extra__width-initial elementor-widget-tablet__width-initial elementor-widget-mobile__width-initial elementor-widget-mobile_extra__width-auto elementor-widget__width-initial elementor-widget elementor-widget-html\" data-id=\"463b70d\" data-element_type=\"widget\" data-widget_type=\"html.default\">\n\t\t\t\t<div class=\"elementor-widget-container\">\n\t\t\t\t\t<span class=\"glf-button\" data-glf-cuid=\"f219fd6a-4072-43b3-8406-fea00bd1f535\" data-glf-ruid=\"000f0f36-cdb8-4624-92f6-0046b057ff23\" style=\"padding:15px; font-size: 16px; border-radius:40px; background-color:#ce1818; padding: 25px 90px 25px 90px;\">\n  Order now!\n <\/span>\n <script src=\"https:\/\/www.foodbooking.com\/embedder\/js\/ewm2.js\" defer=\"\" async=\"\">\n <\/script>\t\t\t\t<\/div>\n\t\t\t\t<\/div>\n\t\t            <\/div>\r\n        <\/div>\r\n        \t\t\t<\/div>\n\t\t<\/section>\n\t\t        <section class=\"elementor-section elementor-top-section elementor-element elementor-element-7e0a88b elementor-section-boxed elementor-section-height-default elementor-section-height-default pxl-type-header-none pxl-row-scroll-none pxl-bg-color-none pxl-section-bg-none parallax-none\" data-id=\"7e0a88b\" data-element_type=\"section\" data-settings=\"{&quot;background_background&quot;:&quot;classic&quot;}\">\n\n                \n                <div class=\"elementor-container elementor-column-gap-default\">\n                <div class=\"elementor-column elementor-col-100 elementor-top-column elementor-element elementor-element-0296f30 pxl-col-none pxl-column-none\" data-id=\"0296f30\" data-element_type=\"column\">\r\n        <div class=\"elementor-widget-wrap elementor-element-populated\">\r\n                     \r\n        \t\t<div class=\"elementor-element elementor-element-29b787e elementor-widget elementor-widget-pxl_text_editor\" data-id=\"29b787e\" data-element_type=\"widget\" data-widget_type=\"pxl_text_editor.default\">\n\t\t\t\t<div class=\"elementor-widget-container\">\n\t\t\t\t\t<div class=\"pxl-text-editor\" data-wow-delay=\"ms\" data-wow-duration=\"1.2s\">\n\t<div class=\"pxl-item--inner\">\n\t\t\t\t\t<div class=\"contact-info\"><div class=\"address\">Hlavn\u00e1 19, 040 01 Ko\u0161ice<\/div><div class=\"hours\">Monday \u2013 Sunday: 11:00 AM \u2013 10:00 PM<\/div><div class=\"phone\">\ud83d\udcde <a href=\"tel:+421917887887\">+421 917 887 887<\/a><\/div><div class=\"email\">\ud83d\udce7 <a href=\"mailto:maiko@sushimaiko.sk\">maiko@sushimaiko.sk<\/a><\/div><\/div>\t\t\t<\/div>\n<\/div>\n\t\t\t\t<\/div>\n\t\t\t\t<\/div>\n\t\t            <\/div>\r\n        <\/div>\r\n        \t\t\t<\/div>\n\t\t<\/section>\n\t\t        <section class=\"elementor-section elementor-top-section elementor-element elementor-element-ecccb78 parallax-1 elementor-section-boxed elementor-section-height-default elementor-section-height-default pxl-type-header-none pxl-row-scroll-none pxl-bg-color-none pxl-section-bg-none\" data-id=\"ecccb78\" data-element_type=\"section\" data-settings=\"{&quot;background_background&quot;:&quot;classic&quot;}\">\n\n        <div class=\"pxl-section-bg-parallax\"><\/div><div class=\"pxl-section-bg-parallax-dark\" ><\/div>                    <div class=\"elementor-background-overlay\"><\/div>\n            \n                <div class=\"elementor-container elementor-column-gap-default\">\n                <div class=\"elementor-column elementor-col-100 elementor-top-column elementor-element elementor-element-47537a2 pxl-col-none pxl-column-none\" data-id=\"47537a2\" data-element_type=\"column\">\r\n        <div class=\"elementor-widget-wrap elementor-element-populated\">\r\n                     \r\n        \t\t<div class=\"elementor-element elementor-element-385d38e elementor-widget-mobile_extra__width-initial elementor-widget elementor-widget-pxl_contact_form\" data-id=\"385d38e\" data-element_type=\"widget\" data-widget_type=\"pxl_contact_form.default\">\n\t\t\t\t<div class=\"elementor-widget-container\">\n\t\t\t\t\t    <div class=\"pxl-contact-form pxl-contact-form1 style2\" data-wow-delay=\"ms\" data-wow-duration=\"1.2s\">\r\n        \n<div class=\"wpcf7 no-js\" id=\"wpcf7-f2121-o1\" lang=\"en-US\" dir=\"ltr\" data-wpcf7-id=\"2121\">\n<div class=\"screen-reader-response\"><p role=\"status\" aria-live=\"polite\" aria-atomic=\"true\"><\/p> <ul><\/ul><\/div>\n<form action=\"\/en\/wp-json\/wp\/v2\/pages\/75#wpcf7-f2121-o1\" method=\"post\" class=\"wpcf7-form init\" aria-label=\"Contact form\" novalidate=\"novalidate\" data-status=\"init\" data-trp-original-action=\"\/en\/wp-json\/wp\/v2\/pages\/75#wpcf7-f2121-o1\">\n<div style=\"display: none;\">\n<input type=\"hidden\" name=\"_wpcf7\" value=\"2121\" \/>\n<input type=\"hidden\" name=\"_wpcf7_version\" value=\"6.0.3\" \/>\n<input type=\"hidden\" name=\"_wpcf7_locale\" value=\"en_US\" \/>\n<input type=\"hidden\" name=\"_wpcf7_unit_tag\" value=\"wpcf7-f2121-o1\" \/>\n<input type=\"hidden\" name=\"_wpcf7_container_post\" value=\"0\" \/>\n<input type=\"hidden\" name=\"_wpcf7_posted_data_hash\" value=\"\" \/>\n<input type=\"hidden\" name=\"_wpcf7_recaptcha_response\" value=\"\" \/>\n<\/div>\n<div class=\"wp-row-ctf7 contact-form-custom1\">\n\t<h3 class=\"form-title\">Contact Us\n\t<\/h3>\n\t<div class=\"row input-contact\">\n\t\t<div class=\"col-md-12\">\n\t\t\t<div class=\"input-filled\">\n\t\t\t\t<p><span class=\"wpcf7-form-control-wrap\" data-name=\"your-name\"><input size=\"40\" maxlength=\"400\" class=\"wpcf7-form-control wpcf7-text wpcf7-validates-as-required\" aria-required=\"true\" aria-invalid=\"false\" placeholder=\"Name\" value=\"\" type=\"text\" name=\"your-name\" \/><\/span>\n\t\t\t\t<\/p>\n\t\t\t<\/div>\n\t\t<\/div>\n\t\t<div class=\"col-md-12\">\n\t\t\t<div class=\"input-filled\">\n\t\t\t\t<p><span class=\"wpcf7-form-control-wrap\" data-name=\"your-email\"><input size=\"40\" maxlength=\"400\" class=\"wpcf7-form-control wpcf7-email wpcf7-validates-as-required wpcf7-text wpcf7-validates-as-email\" aria-required=\"true\" aria-invalid=\"false\" placeholder=\"Email Address\" value=\"\" type=\"email\" name=\"your-email\" \/><\/span>\n\t\t\t\t<\/p>\n\t\t\t<\/div>\n\t\t<\/div>\n\t<\/div>\n\t<div class=\"row input-contact large\">\n\t\t<div class=\"col-12\">\n\t\t\t<div class=\"input-filled\">\n\t\t\t\t<p><span class=\"wpcf7-form-control-wrap\" data-name=\"your-message\"><textarea cols=\"40\" rows=\"10\" maxlength=\"2000\" class=\"wpcf7-form-control wpcf7-textarea wpcf7-validates-as-required\" aria-required=\"true\" aria-invalid=\"false\" placeholder=\"Your Message\" name=\"your-message\"><\/textarea><\/span>\n\t\t\t\t<\/p>\n\t\t\t<\/div>\n\t\t\t<div class=\"Tla\u010didlom\" \"odosla\u0165\" s\u00fahlas\u00edte so spracovan\u00edm osobn\u00fdch \u00fadajov.<div>\n\t\t\t\t<div class=\"row button-contact\">\n\t\t\t\t\t<div class=\"col-12\">\n\t\t\t\t\t\t<div class=\"btn-form\">\n\t\t\t\t\t\t\t<p><button type=\"submit\" class=\"wpcf7-submit btn-default\">Send<\/button>\n\t\t\t\t\t\t\t<\/p>\n\t\t\t\t\t\t<\/div>\n\t\t\t\t\t<\/div>\n\t\t\t\t<\/div>\n\t\t\t<\/div>\n\t\t<\/div>\n\t<\/div>\n<\/div><div class=\"wpcf7-response-output\" aria-hidden=\"true\"><\/div>\n<input type=\"hidden\" name=\"trp-form-language\" value=\"en\"\/><\/form>\n<\/div>\n    <\/div>\r\n\t\t\t\t<\/div>\n\t\t\t\t<\/div>\n\t\t            <\/div>\r\n        <\/div>\r\n        \t\t\t<\/div>\n\t\t<\/section>\n\t\t\t\t<\/div>","protected":false},"excerpt":{"rendered":"<p>Tradi\u010dn\u00e9 japonsk\u00e9 sushi Tradi\u010dn\u00e9 sushi v srdci Ko\u0161\u00edc Slovo \u201emaiko\u201c doslova znamen\u00e1 \u201edie\u0165a tanca\u201c a ozna\u010duje mlad\u00fa za\u00fa\u010daj\u00facu sa gej\u0161u. Origin\u00e1lna atmosf\u00e9ra pre gurm\u00e1nov Maiko je tie\u017e japonsk\u00e9 tradi\u010dn\u00e9 diev\u010densk\u00e9 meno. U n\u00e1s m\u00e1me sushi v du\u0161i Biely make-up, prepracovan\u00e9 kimono a vlasy maiko tane\u010dnice s\u00fa popul\u00e1rne zn\u00e1me ako symboly gej\u0161e. Objedna\u0165 si Hlavn\u00e1 19, [&hellip;]<\/p>","protected":false},"author":1,"featured_media":0,"parent":0,"menu_order":0,"comment_status":"closed","ping_status":"closed","template":"","meta":{"_uf_show_specific_survey":0,"_uf_disable_surveys":false,"footnotes":""},"class_list":["post-75","page","type-page","status-publish","hentry"],"aioseo_notices":[],"_links":{"self":[{"href":"https:\/\/sushimaiko.sk\/en\/wp-json\/wp\/v2\/pages\/75","targetHints":{"allow":["GET"]}}],"collection":[{"href":"https:\/\/sushimaiko.sk\/en\/wp-json\/wp\/v2\/pages"}],"about":[{"href":"https:\/\/sushimaiko.sk\/en\/wp-json\/wp\/v2\/types\/page"}],"author":[{"embeddable":true,"href":"https:\/\/sushimaiko.sk\/en\/wp-json\/wp\/v2\/users\/1"}],"replies":[{"embeddable":true,"href":"https:\/\/sushimaiko.sk\/en\/wp-json\/wp\/v2\/comments?post=75"}],"version-history":[{"count":6,"href":"https:\/\/sushimaiko.sk\/en\/wp-json\/wp\/v2\/pages\/75\/revisions"}],"predecessor-version":[{"id":5898,"href":"https:\/\/sushimaiko.sk\/en\/wp-json\/wp\/v2\/pages\/75\/revisions\/5898"}],"wp:attachment":[{"href":"https:\/\/sushimaiko.sk\/en\/wp-json\/wp\/v2\/media?parent=75"}],"curies":[{"name":"wp","href":"https:\/\/api.w.org\/{rel}","templated":true}]}}